{"id":11613,"date":"2026-02-04T14:16:40","date_gmt":"2026-02-04T14:16:40","guid":{"rendered":"https:\/\/madeinmodenatravel.com\/?post_type=product&#038;p=11613"},"modified":"2026-02-04T14:16:40","modified_gmt":"2026-02-04T14:16:40","slug":"caffe-macinato-buongiorno-modena","status":"publish","type":"product","link":"https:\/\/madeinmodenatravel.com\/en\/prodotto\/caffe-macinato-buongiorno-modena\/","title":{"rendered":"Caff\u00e8 Macinato Buongiorno Modena"},"content":{"rendered":"<p>Miscela di caff\u00e8 macinato in prevalenza Arabica provenienti dal Centro e dal Sud America, piacevolmente dolci e aromatici, per un caff\u00e8 dal gusto delicato e avvolgente che rivela intense note di nocciola, caramello e pan tostato.<\/p>\n<p>Confezione da 250gr<\/p>\n","protected":false},"excerpt":{"rendered":"<p>caff\u00e8 macinato Buongiorno Modena &#8211; Cagliari<\/p>\n<p>confezione da 250gr<\/p>\n","protected":false},"featured_media":11614,"template":"","meta":{"_acf_changed":false},"product_brand":[],"product_cat":[365],"product_tag":[369,366,367,368,371,370],"class_list":{"0":"post-11613","1":"product","2":"type-product","3":"status-publish","4":"has-post-thumbnail","6":"product_cat-food","7":"product_tag-buongiorno-modena","8":"product_tag-caffe","9":"product_tag-caffe-cagliari","10":"product_tag-caffe-modena","11":"product_tag-giallo-blu","12":"product_tag-prodotti-modenesi","13":"product_shipping_class-solo-ritiro","15":"first","16":"instock","17":"taxable","18":"shipping-taxable","19":"purchasable","20":"product-type-simple"},"acf":[],"yoast_head":"<!-- This site is optimized with the Yoast SEO plugin v27.3 - https:\/\/yoast.com\/product\/yoast-seo-wordpress\/ -->\n<title>Caff\u00e8 Macinato Buongiorno Modena - Made in Modena Travel<\/title>\n<meta name=\"robots\" content=\"index, follow, max-snippet:-1, max-image-preview:large, max-video-preview:-1\" \/>\n<link rel=\"canonical\" href=\"https:\/\/madeinmodenatravel.com\/en\/prodotto\/caffe-macinato-buongiorno-modena\/\" \/>\n<meta property=\"og:locale\" content=\"en_US\" \/>\n<meta property=\"og:type\" content=\"article\" \/>\n<meta property=\"og:title\" content=\"Caff\u00e8 Macinato Buongiorno Modena - Made in Modena Travel\" \/>\n<meta property=\"og:description\" content=\"caff\u00e8 macinato Buongiorno Modena - Cagliari  confezione da 250gr\" \/>\n<meta property=\"og:url\" content=\"https:\/\/madeinmodenatravel.com\/en\/prodotto\/caffe-macinato-buongiorno-modena\/\" \/>\n<meta property=\"og:site_name\" content=\"Made in Modena Travel\" \/>\n<meta property=\"article:publisher\" content=\"https:\/\/www.facebook.com\/madeinmodenatravel\" \/>\n<meta property=\"og:image\" content=\"https:\/\/madeinmodenatravel.com\/wp-content\/uploads\/2026\/02\/buongiorno-modena-macinato-moka-e-macchina-espresso-retro.png\" \/>\n\t<meta property=\"og:image:width\" content=\"933\" \/>\n\t<meta property=\"og:image:height\" content=\"1000\" \/>\n\t<meta property=\"og:image:type\" content=\"image\/png\" \/>\n<meta name=\"twitter:card\" content=\"summary_large_image\" \/>\n<meta name=\"twitter:label1\" content=\"Est. reading time\" \/>\n\t<meta name=\"twitter:data1\" content=\"1 minute\" \/>\n<script type=\"application\/ld+json\" class=\"yoast-schema-graph\">{\"@context\":\"https:\\\/\\\/schema.org\",\"@graph\":[{\"@type\":\"WebPage\",\"@id\":\"https:\\\/\\\/madeinmodenatravel.com\\\/en\\\/prodotto\\\/caffe-macinato-buongiorno-modena\\\/\",\"url\":\"https:\\\/\\\/madeinmodenatravel.com\\\/en\\\/prodotto\\\/caffe-macinato-buongiorno-modena\\\/\",\"name\":\"Caff\u00e8 Macinato Buongiorno Modena - Made in Modena Travel\",\"isPartOf\":{\"@id\":\"https:\\\/\\\/madeinmodenatravel.com\\\/en\\\/#website\"},\"primaryImageOfPage\":{\"@id\":\"https:\\\/\\\/madeinmodenatravel.com\\\/en\\\/prodotto\\\/caffe-macinato-buongiorno-modena\\\/#primaryimage\"},\"image\":{\"@id\":\"https:\\\/\\\/madeinmodenatravel.com\\\/en\\\/prodotto\\\/caffe-macinato-buongiorno-modena\\\/#primaryimage\"},\"thumbnailUrl\":\"https:\\\/\\\/madeinmodenatravel.com\\\/wp-content\\\/uploads\\\/2026\\\/02\\\/buongiorno-modena-macinato-moka-e-macchina-espresso-retro.png\",\"datePublished\":\"2026-02-04T14:16:40+00:00\",\"breadcrumb\":{\"@id\":\"https:\\\/\\\/madeinmodenatravel.com\\\/en\\\/prodotto\\\/caffe-macinato-buongiorno-modena\\\/#breadcrumb\"},\"inLanguage\":\"en-US\",\"potentialAction\":[{\"@type\":\"ReadAction\",\"target\":[\"https:\\\/\\\/madeinmodenatravel.com\\\/en\\\/prodotto\\\/caffe-macinato-buongiorno-modena\\\/\"]}]},{\"@type\":\"ImageObject\",\"inLanguage\":\"en-US\",\"@id\":\"https:\\\/\\\/madeinmodenatravel.com\\\/en\\\/prodotto\\\/caffe-macinato-buongiorno-modena\\\/#primaryimage\",\"url\":\"https:\\\/\\\/madeinmodenatravel.com\\\/wp-content\\\/uploads\\\/2026\\\/02\\\/buongiorno-modena-macinato-moka-e-macchina-espresso-retro.png\",\"contentUrl\":\"https:\\\/\\\/madeinmodenatravel.com\\\/wp-content\\\/uploads\\\/2026\\\/02\\\/buongiorno-modena-macinato-moka-e-macchina-espresso-retro.png\",\"width\":933,\"height\":1000},{\"@type\":\"BreadcrumbList\",\"@id\":\"https:\\\/\\\/madeinmodenatravel.com\\\/en\\\/prodotto\\\/caffe-macinato-buongiorno-modena\\\/#breadcrumb\",\"itemListElement\":[{\"@type\":\"ListItem\",\"position\":1,\"name\":\"Home\",\"item\":\"https:\\\/\\\/madeinmodenatravel.com\\\/en\\\/\"},{\"@type\":\"ListItem\",\"position\":2,\"name\":\"Shop\",\"item\":\"https:\\\/\\\/madeinmodenatravel.com\\\/en\\\/shop\\\/\"},{\"@type\":\"ListItem\",\"position\":3,\"name\":\"Caff\u00e8 Macinato Buongiorno Modena\"}]},{\"@type\":\"WebSite\",\"@id\":\"https:\\\/\\\/madeinmodenatravel.com\\\/en\\\/#website\",\"url\":\"https:\\\/\\\/madeinmodenatravel.com\\\/en\\\/\",\"name\":\"Made in Modena Travel\",\"description\":\"Esperienze ed eventi su misura nel cuore dell&#039;Emilia\",\"publisher\":{\"@id\":\"https:\\\/\\\/madeinmodenatravel.com\\\/en\\\/#organization\"},\"potentialAction\":[{\"@type\":\"SearchAction\",\"target\":{\"@type\":\"EntryPoint\",\"urlTemplate\":\"https:\\\/\\\/madeinmodenatravel.com\\\/en\\\/?s={search_term_string}\"},\"query-input\":{\"@type\":\"PropertyValueSpecification\",\"valueRequired\":true,\"valueName\":\"search_term_string\"}}],\"inLanguage\":\"en-US\"},{\"@type\":\"Organization\",\"@id\":\"https:\\\/\\\/madeinmodenatravel.com\\\/en\\\/#organization\",\"name\":\"Made in Modena Travel\",\"url\":\"https:\\\/\\\/madeinmodenatravel.com\\\/en\\\/\",\"logo\":{\"@type\":\"ImageObject\",\"inLanguage\":\"en-US\",\"@id\":\"https:\\\/\\\/madeinmodenatravel.com\\\/en\\\/#\\\/schema\\\/logo\\\/image\\\/\",\"url\":\"https:\\\/\\\/madeinmodenatravel.com\\\/wp-content\\\/uploads\\\/2025\\\/09\\\/made-in-modena-travel-1.svg\",\"contentUrl\":\"https:\\\/\\\/madeinmodenatravel.com\\\/wp-content\\\/uploads\\\/2025\\\/09\\\/made-in-modena-travel-1.svg\",\"width\":100,\"height\":100,\"caption\":\"Made in Modena Travel\"},\"image\":{\"@id\":\"https:\\\/\\\/madeinmodenatravel.com\\\/en\\\/#\\\/schema\\\/logo\\\/image\\\/\"},\"sameAs\":[\"https:\\\/\\\/www.facebook.com\\\/madeinmodenatravel\",\"https:\\\/\\\/www.instagram.com\\\/madeinmodenatravel\\\/\",\"https:\\\/\\\/www.tiktok.com\\\/@madeinmodenatravel\"]}]}<\/script>\n<!-- \/ Yoast SEO plugin. -->","yoast_head_json":{"title":"Caff\u00e8 Macinato Buongiorno Modena - Made in Modena Travel","robots":{"index":"index","follow":"follow","max-snippet":"max-snippet:-1","max-image-preview":"max-image-preview:large","max-video-preview":"max-video-preview:-1"},"canonical":"https:\/\/madeinmodenatravel.com\/en\/prodotto\/caffe-macinato-buongiorno-modena\/","og_locale":"en_US","og_type":"article","og_title":"Caff\u00e8 Macinato Buongiorno Modena - Made in Modena Travel","og_description":"caff\u00e8 macinato Buongiorno Modena - Cagliari  confezione da 250gr","og_url":"https:\/\/madeinmodenatravel.com\/en\/prodotto\/caffe-macinato-buongiorno-modena\/","og_site_name":"Made in Modena Travel","article_publisher":"https:\/\/www.facebook.com\/madeinmodenatravel","og_image":[{"width":933,"height":1000,"url":"https:\/\/madeinmodenatravel.com\/wp-content\/uploads\/2026\/02\/buongiorno-modena-macinato-moka-e-macchina-espresso-retro.png","type":"image\/png"}],"twitter_card":"summary_large_image","twitter_misc":{"Est. reading time":"1 minute"},"schema":{"@context":"https:\/\/schema.org","@graph":[{"@type":"WebPage","@id":"https:\/\/madeinmodenatravel.com\/en\/prodotto\/caffe-macinato-buongiorno-modena\/","url":"https:\/\/madeinmodenatravel.com\/en\/prodotto\/caffe-macinato-buongiorno-modena\/","name":"Caff\u00e8 Macinato Buongiorno Modena - Made in Modena Travel","isPartOf":{"@id":"https:\/\/madeinmodenatravel.com\/en\/#website"},"primaryImageOfPage":{"@id":"https:\/\/madeinmodenatravel.com\/en\/prodotto\/caffe-macinato-buongiorno-modena\/#primaryimage"},"image":{"@id":"https:\/\/madeinmodenatravel.com\/en\/prodotto\/caffe-macinato-buongiorno-modena\/#primaryimage"},"thumbnailUrl":"https:\/\/madeinmodenatravel.com\/wp-content\/uploads\/2026\/02\/buongiorno-modena-macinato-moka-e-macchina-espresso-retro.png","datePublished":"2026-02-04T14:16:40+00:00","breadcrumb":{"@id":"https:\/\/madeinmodenatravel.com\/en\/prodotto\/caffe-macinato-buongiorno-modena\/#breadcrumb"},"inLanguage":"en-US","potentialAction":[{"@type":"ReadAction","target":["https:\/\/madeinmodenatravel.com\/en\/prodotto\/caffe-macinato-buongiorno-modena\/"]}]},{"@type":"ImageObject","inLanguage":"en-US","@id":"https:\/\/madeinmodenatravel.com\/en\/prodotto\/caffe-macinato-buongiorno-modena\/#primaryimage","url":"https:\/\/madeinmodenatravel.com\/wp-content\/uploads\/2026\/02\/buongiorno-modena-macinato-moka-e-macchina-espresso-retro.png","contentUrl":"https:\/\/madeinmodenatravel.com\/wp-content\/uploads\/2026\/02\/buongiorno-modena-macinato-moka-e-macchina-espresso-retro.png","width":933,"height":1000},{"@type":"BreadcrumbList","@id":"https:\/\/madeinmodenatravel.com\/en\/prodotto\/caffe-macinato-buongiorno-modena\/#breadcrumb","itemListElement":[{"@type":"ListItem","position":1,"name":"Home","item":"https:\/\/madeinmodenatravel.com\/en\/"},{"@type":"ListItem","position":2,"name":"Shop","item":"https:\/\/madeinmodenatravel.com\/en\/shop\/"},{"@type":"ListItem","position":3,"name":"Caff\u00e8 Macinato Buongiorno Modena"}]},{"@type":"WebSite","@id":"https:\/\/madeinmodenatravel.com\/en\/#website","url":"https:\/\/madeinmodenatravel.com\/en\/","name":"Made in Modena Travel","description":"Esperienze ed eventi su misura nel cuore dell&#039;Emilia","publisher":{"@id":"https:\/\/madeinmodenatravel.com\/en\/#organization"},"potentialAction":[{"@type":"SearchAction","target":{"@type":"EntryPoint","urlTemplate":"https:\/\/madeinmodenatravel.com\/en\/?s={search_term_string}"},"query-input":{"@type":"PropertyValueSpecification","valueRequired":true,"valueName":"search_term_string"}}],"inLanguage":"en-US"},{"@type":"Organization","@id":"https:\/\/madeinmodenatravel.com\/en\/#organization","name":"Made in Modena Travel","url":"https:\/\/madeinmodenatravel.com\/en\/","logo":{"@type":"ImageObject","inLanguage":"en-US","@id":"https:\/\/madeinmodenatravel.com\/en\/#\/schema\/logo\/image\/","url":"https:\/\/madeinmodenatravel.com\/wp-content\/uploads\/2025\/09\/made-in-modena-travel-1.svg","contentUrl":"https:\/\/madeinmodenatravel.com\/wp-content\/uploads\/2025\/09\/made-in-modena-travel-1.svg","width":100,"height":100,"caption":"Made in Modena Travel"},"image":{"@id":"https:\/\/madeinmodenatravel.com\/en\/#\/schema\/logo\/image\/"},"sameAs":["https:\/\/www.facebook.com\/madeinmodenatravel","https:\/\/www.instagram.com\/madeinmodenatravel\/","https:\/\/www.tiktok.com\/@madeinmodenatravel"]}]}},"_links":{"self":[{"href":"https:\/\/madeinmodenatravel.com\/en\/wp-json\/wp\/v2\/product\/11613","targetHints":{"allow":["GET"]}}],"collection":[{"href":"https:\/\/madeinmodenatravel.com\/en\/wp-json\/wp\/v2\/product"}],"about":[{"href":"https:\/\/madeinmodenatravel.com\/en\/wp-json\/wp\/v2\/types\/product"}],"wp:featuredmedia":[{"embeddable":true,"href":"https:\/\/madeinmodenatravel.com\/en\/wp-json\/wp\/v2\/media\/11614"}],"wp:attachment":[{"href":"https:\/\/madeinmodenatravel.com\/en\/wp-json\/wp\/v2\/media?parent=11613"}],"wp:term":[{"taxonomy":"product_brand","embeddable":true,"href":"https:\/\/madeinmodenatravel.com\/en\/wp-json\/wp\/v2\/product_brand?post=11613"},{"taxonomy":"product_cat","embeddable":true,"href":"https:\/\/madeinmodenatravel.com\/en\/wp-json\/wp\/v2\/product_cat?post=11613"},{"taxonomy":"product_tag","embeddable":true,"href":"https:\/\/madeinmodenatravel.com\/en\/wp-json\/wp\/v2\/product_tag?post=11613"}],"curies":[{"name":"wp","href":"https:\/\/api.w.org\/{rel}","templated":true}]}}